{"id":802,"date":"2021-08-06T22:35:15","date_gmt":"2021-08-07T03:35:15","guid":{"rendered":"http:\/\/elreymarino.pe\/?page_id=802"},"modified":"2022-10-18T19:17:55","modified_gmt":"2022-10-19T00:17:55","slug":"carnes","status":"publish","type":"page","link":"https:\/\/elreymarino.com\/?page_id=802","title":{"rendered":"Carnes"},"content":{"rendered":"\t\t<div data-elementor-type=\"wp-page\" data-elementor-id=\"802\" class=\"elementor elementor-802\" data-elementor-settings=\"[]\">\n\t\t\t\t\t\t\t<div class=\"elementor-section-wrap\">\n\t\t\t\t\t\t\t<section class=\"elementor-section elementor-top-section elementor-element elementor-element-f389f8a elementor-hidden-desktop elementor-section-boxed elementor-section-height-default elementor-section-height-default elementor-invisible\" data-id=\"f389f8a\" data-element_type=\"section\" data-settings=\"{&quot;background_background&quot;:&quot;slideshow&quot;,&quot;animation&quot;:&quot;fadeIn&quot;,&quot;background_slideshow_gallery&quot;:[{&quot;id&quot;:2196,&quot;url&quot;:&quot;https:\\\/\\\/elreymarino.com\\\/wp-content\\\/uploads\\\/2021\\\/10\\\/1-arroz-con-pollo-1-1.jpg&quot;}],&quot;background_slideshow_loop&quot;:&quot;yes&quot;,&quot;background_slideshow_slide_duration&quot;:5000,&quot;background_slideshow_slide_transition&quot;:&quot;fade&quot;,&quot;background_slideshow_transition_duration&quot;:500}\">\n\t\t\t\t\t\t<div class=\"elementor-container elementor-column-gap-default\">\n\t\t\t\t\t<div class=\"elementor-column elementor-col-16 elementor-top-column elementor-element elementor-element-5c661d0\" data-id=\"5c661d0\" data-element_type=\"column\">\n\t\t\t<div class=\"elementor-widget-wrap elementor-element-populated\">\n\t\t\t\t\t\t\t\t<div class=\"elementor-element elementor-element-b724c03 elementor-view-default elementor-widget elementor-widget-icon\" data-id=\"b724c03\" data-element_type=\"widget\" data-widget_type=\"icon.default\">\n\t\t\t\t<div class=\"elementor-widget-container\">\n\t\t\t\t\t<div class=\"elementor-icon-wrapper\">\n\t\t\t<div class=\"elementor-icon\">\n\t\t\t<i aria-hidden=\"true\" class=\"icon icon-dinner\"><\/i>\t\t\t<\/div>\n\t\t<\/div>\n\t\t\t\t<\/div>\n\t\t\t\t<\/div>\n\t\t\t\t\t<\/div>\n\t\t<\/div>\n\t\t\t\t<div class=\"elementor-column elementor-col-66 elementor-top-column elementor-element elementor-element-442a095\" data-id=\"442a095\" data-element_type=\"column\">\n\t\t\t<div class=\"elementor-widget-wrap elementor-element-populated\">\n\t\t\t\t\t\t\t\t<div class=\"elementor-element elementor-element-f1479c0 elementor-widget elementor-widget-heading\" data-id=\"f1479c0\" data-element_type=\"widget\" data-widget_type=\"heading.default\">\n\t\t\t\t<div class=\"elementor-widget-container\">\n\t\t\t<h2 class=\"elementor-heading-title elementor-size-default\">Carnes<\/h2>\t\t<\/div>\n\t\t\t\t<\/div>\n\t\t\t\t\t<\/div>\n\t\t<\/div>\n\t\t\t\t<div class=\"elementor-column elementor-col-16 elementor-top-column elementor-element elementor-element-0aeb857\" data-id=\"0aeb857\" data-element_type=\"column\">\n\t\t\t<div class=\"elementor-widget-wrap elementor-element-populated\">\n\t\t\t\t\t\t\t\t<div class=\"elementor-element elementor-element-3027999 elementor-view-default elementor-widget elementor-widget-icon\" data-id=\"3027999\" data-element_type=\"widget\" data-widget_type=\"icon.default\">\n\t\t\t\t<div class=\"elementor-widget-container\">\n\t\t\t\t\t<div class=\"elementor-icon-wrapper\">\n\t\t\t<div class=\"elementor-icon\">\n\t\t\t<i aria-hidden=\"true\" class=\"icon icon-dinner\"><\/i>\t\t\t<\/div>\n\t\t<\/div>\n\t\t\t\t<\/div>\n\t\t\t\t<\/div>\n\t\t\t\t\t<\/div>\n\t\t<\/div>\n\t\t\t\t\t\t\t<\/div>\n\t\t<\/section>\n\t\t\t\t<section class=\"elementor-section elementor-top-section elementor-element elementor-element-0665f21 elementor-hidden-tablet elementor-hidden-phone elementor-section-boxed elementor-section-height-default elementor-section-height-default elementor-invisible\" data-id=\"0665f21\" data-element_type=\"section\" data-settings=\"{&quot;background_background&quot;:&quot;gradient&quot;,&quot;animation&quot;:&quot;fadeIn&quot;}\">\n\t\t\t\t\t\t<div class=\"elementor-container elementor-column-gap-default\">\n\t\t\t\t\t<div class=\"elementor-column elementor-col-16 elementor-top-column elementor-element elementor-element-9e8ab09\" data-id=\"9e8ab09\" data-element_type=\"column\">\n\t\t\t<div class=\"elementor-widget-wrap elementor-element-populated\">\n\t\t\t\t\t\t\t\t<div class=\"elementor-element elementor-element-74060dd elementor-view-default elementor-widget elementor-widget-icon\" data-id=\"74060dd\" data-element_type=\"widget\" data-widget_type=\"icon.default\">\n\t\t\t\t<div class=\"elementor-widget-container\">\n\t\t\t\t\t<div class=\"elementor-icon-wrapper\">\n\t\t\t<div class=\"elementor-icon\">\n\t\t\t<i aria-hidden=\"true\" class=\"icon icon-dinner\"><\/i>\t\t\t<\/div>\n\t\t<\/div>\n\t\t\t\t<\/div>\n\t\t\t\t<\/div>\n\t\t\t\t\t<\/div>\n\t\t<\/div>\n\t\t\t\t<div class=\"elementor-column elementor-col-66 elementor-top-column elementor-element elementor-element-ce6cdc4\" data-id=\"ce6cdc4\" data-element_type=\"column\">\n\t\t\t<div class=\"elementor-widget-wrap elementor-element-populated\">\n\t\t\t\t\t\t\t\t<div class=\"elementor-element elementor-element-4675a5f elementor-widget elementor-widget-heading\" data-id=\"4675a5f\" data-element_type=\"widget\" data-widget_type=\"heading.default\">\n\t\t\t\t<div class=\"elementor-widget-container\">\n\t\t\t<h2 class=\"elementor-heading-title elementor-size-default\">Carnes<\/h2>\t\t<\/div>\n\t\t\t\t<\/div>\n\t\t\t\t\t<\/div>\n\t\t<\/div>\n\t\t\t\t<div class=\"elementor-column elementor-col-16 elementor-top-column elementor-element elementor-element-04759f1\" data-id=\"04759f1\" data-element_type=\"column\">\n\t\t\t<div class=\"elementor-widget-wrap elementor-element-populated\">\n\t\t\t\t\t\t\t\t<div class=\"elementor-element elementor-element-90ec9ba elementor-view-default elementor-widget elementor-widget-icon\" data-id=\"90ec9ba\" data-element_type=\"widget\" data-widget_type=\"icon.default\">\n\t\t\t\t<div class=\"elementor-widget-container\">\n\t\t\t\t\t<div class=\"elementor-icon-wrapper\">\n\t\t\t<div class=\"elementor-icon\">\n\t\t\t<i aria-hidden=\"true\" class=\"icon icon-dinner\"><\/i>\t\t\t<\/div>\n\t\t<\/div>\n\t\t\t\t<\/div>\n\t\t\t\t<\/div>\n\t\t\t\t\t<\/div>\n\t\t<\/div>\n\t\t\t\t\t\t\t<\/div>\n\t\t<\/section>\n\t\t\t\t<section class=\"elementor-section elementor-top-section elementor-element elementor-element-776cb80 elementor-section-boxed elementor-section-height-default elementor-section-height-default elementor-invisible\" data-id=\"776cb80\" data-element_type=\"section\" data-settings=\"{&quot;background_background&quot;:&quot;classic&quot;,&quot;animation&quot;:&quot;fadeIn&quot;}\">\n\t\t\t\t\t\t<div class=\"elementor-container elementor-column-gap-default\">\n\t\t\t\t\t<div class=\"elementor-column elementor-col-66 elementor-top-column elementor-element elementor-element-ed92651\" data-id=\"ed92651\" data-element_type=\"column\">\n\t\t\t<div class=\"elementor-widget-wrap elementor-element-populated\">\n\t\t\t\t\t\t\t\t<div class=\"elementor-element elementor-element-e4c266f elementor-widget elementor-widget-eael-adv-tabs\" data-id=\"e4c266f\" data-element_type=\"widget\" data-widget_type=\"eael-adv-tabs.default\">\n\t\t\t\t<div class=\"elementor-widget-container\">\n\t\t\t        <div id=\"eael-advance-tabs-e4c266f\" class=\"eael-advance-tabs eael-tabs-horizontal\" data-tabid=\"e4c266f\">\n            <div class=\"eael-tabs-nav\">\n                <ul class=\"eael-tab-inline-icon\">\n                                            <li class=\"inactive\">\n                                                                <i class=\"fas fa-utensils\"><\/i>                                                             <span class=\"eael-tab-title\"><\/span>\n                        <\/li>\n                                    <\/ul>\n            <\/div>\n            <div class=\"eael-tabs-content\">\n                \n                    <div class=\"clearfix inactive\">\n                                                    <p>Cabrito Deshuesado a la Norte\u00f1a<\/p><p>Cabrito Deshuesado con Tacu Tacu<\/p><p>Arroz con Pato a la Chiclayana<\/p><p>Pechuga de Pollo en Salsa estrag\u00f3n con papas fritas<\/p><p>Pechuga de pollo en Salsa de Campi\u00f1ones<\/p><p>Lomo Fino a la Romana<\/p><p>Lomo Saltado<\/p>                                            <\/div>\n                            <\/div>\n        <\/div>\n\t\t<\/div>\n\t\t\t\t<\/div>\n\t\t\t\t<div class=\"elementor-element elementor-element-5d274ea elementor-hidden-phone elementor-widget elementor-widget-audio\" data-id=\"5d274ea\" data-element_type=\"widget\" data-widget_type=\"audio.default\">\n\t\t\t\t<div class=\"elementor-widget-container\">\n\t\t\t\t\t\t<div class=\"elementor-soundcloud-wrapper\">\n\t\t\t\t<iframe loading=\"lazy\" title=\"Vena Cava - Handsonic (feat. Jordan Virelli) [NCS Release] by NCS\" width=\"500\" height=\"200\" scrolling=\"no\" frameborder=\"no\" src=\"https:\/\/w.soundcloud.com\/player\/?visual=false&#038;url=https%3A%2F%2Fapi.soundcloud.com%2Ftracks%2F150605406&#038;show_artwork=true&#038;maxheight=750&#038;maxwidth=500&#038;auto_play=false&#038;buying=true&#038;liking=true&#038;download=true&#038;sharing=true&#038;show_comments=true&#038;show_playcount=true&#038;show_user=true&#038;color\"><\/iframe>\t\t\t<\/div>\n\t\t\t\t\t<\/div>\n\t\t\t\t<\/div>\n\t\t\t\t\t<\/div>\n\t\t<\/div>\n\t\t\t\t<div class=\"elementor-column elementor-col-33 elementor-top-column elementor-element elementor-element-9acd8e4\" data-id=\"9acd8e4\" data-element_type=\"column\">\n\t\t\t<div class=\"elementor-widget-wrap elementor-element-populated\">\n\t\t\t\t\t\t\t\t<div class=\"elementor-element elementor-element-82d76e8 elementor-hidden-phone elementor-widget elementor-widget-eael-simple-menu\" data-id=\"82d76e8\" data-element_type=\"widget\" data-widget_type=\"eael-simple-menu.default\">\n\t\t\t\t<div class=\"elementor-widget-container\">\n\t\t\t<div data-indicator-class=\"fas fa-angle-down\" data-dropdown-indicator-class=\"fas fa-angle-down\" class=\"eael-simple-menu-container eael-simple-menu-align-left eael-simple-menu-dropdown-align-left preset-1\"><ul id=\"menu-menu-secundario\" class=\"eael-simple-menu eael-simple-menu-dropdown-animate-to-top eael-simple-menu-indicator eael-simple-menu-vertical\"><li id=\"menu-item-825\" class=\"menu-item menu-item-type-post_type menu-item-object-page menu-item-825\"><a href=\"https:\/\/elreymarino.com\/?page_id=781\" class=\"menu-link\"><img width=\"32\" height=\"32\" src=\"https:\/\/elreymarino.com\/wp-content\/uploads\/2021\/08\/entradas.png\" class=\"_mi _before _image\" alt=\"\" loading=\"lazy\" aria-hidden=\"true\" \/><span>Entradas<\/span><\/a><\/li>\n<li id=\"menu-item-823\" class=\"menu-item menu-item-type-post_type menu-item-object-page menu-item-823\"><a href=\"https:\/\/elreymarino.com\/?page_id=786\" class=\"menu-link\"><img width=\"32\" height=\"32\" src=\"https:\/\/elreymarino.com\/wp-content\/uploads\/2021\/08\/cevich.png\" class=\"_mi _before _image\" alt=\"\" loading=\"lazy\" aria-hidden=\"true\" \/><span>Ceviches<\/span><\/a><\/li>\n<li id=\"menu-item-830\" class=\"menu-item menu-item-type-post_type menu-item-object-page menu-item-830\"><a href=\"https:\/\/elreymarino.com\/?page_id=788\" class=\"menu-link\"><img width=\"32\" height=\"32\" src=\"https:\/\/elreymarino.com\/wp-content\/uploads\/2021\/08\/piqueesss.png\" class=\"_mi _before _image\" alt=\"\" loading=\"lazy\" aria-hidden=\"true\" \/><span>Piqueos<\/span><\/a><\/li>\n<li id=\"menu-item-819\" class=\"menu-item menu-item-type-post_type menu-item-object-page menu-item-819\"><a href=\"https:\/\/elreymarino.com\/?page_id=790\" class=\"menu-link\"><img width=\"32\" height=\"32\" src=\"https:\/\/elreymarino.com\/wp-content\/uploads\/2021\/08\/arrozzz.png\" class=\"_mi _before _image\" alt=\"\" loading=\"lazy\" aria-hidden=\"true\" \/><span>Arroces<\/span><\/a><\/li>\n<li id=\"menu-item-833\" class=\"menu-item menu-item-type-post_type menu-item-object-page menu-item-833\"><a href=\"https:\/\/elreymarino.com\/?page_id=792\" class=\"menu-link\"><img width=\"32\" height=\"32\" src=\"https:\/\/elreymarino.com\/wp-content\/uploads\/2021\/08\/sopa-seca.png\" class=\"_mi _before _image\" alt=\"\" loading=\"lazy\" aria-hidden=\"true\" \/><span>Sopas<\/span><\/a><\/li>\n<li id=\"menu-item-826\" class=\"menu-item menu-item-type-post_type menu-item-object-page menu-item-826\"><a href=\"https:\/\/elreymarino.com\/?page_id=794\" class=\"menu-link\"><img width=\"32\" height=\"32\" src=\"https:\/\/elreymarino.com\/wp-content\/uploads\/2021\/08\/filetes-pesaco.png\" class=\"_mi _before _image\" alt=\"\" loading=\"lazy\" aria-hidden=\"true\" \/><span>Filetes de Pescado<\/span><\/a><\/li>\n<li id=\"menu-item-824\" class=\"menu-item menu-item-type-post_type menu-item-object-page menu-item-824\"><a href=\"https:\/\/elreymarino.com\/?page_id=796\" class=\"menu-link\"><img width=\"32\" height=\"32\" src=\"https:\/\/elreymarino.com\/wp-content\/uploads\/2021\/08\/chitas-y-eso.png\" class=\"_mi _before _image\" alt=\"\" loading=\"lazy\" aria-hidden=\"true\" \/><span>Chitas y Cabrillas Enteras<\/span><\/a><\/li>\n<li id=\"menu-item-828\" class=\"menu-item menu-item-type-post_type menu-item-object-page menu-item-828\"><a href=\"https:\/\/elreymarino.com\/?page_id=798\" class=\"menu-link\"><img width=\"32\" height=\"32\" src=\"https:\/\/elreymarino.com\/wp-content\/uploads\/2021\/08\/pastaaaaaaaaa.png\" class=\"_mi _before _image\" alt=\"\" loading=\"lazy\" aria-hidden=\"true\" \/><span>Pastas<\/span><\/a><\/li>\n<li id=\"menu-item-829\" class=\"menu-item menu-item-type-post_type menu-item-object-page menu-item-829\"><a href=\"https:\/\/elreymarino.com\/?page_id=800\" class=\"menu-link\"><img width=\"32\" height=\"32\" src=\"https:\/\/elreymarino.com\/wp-content\/uploads\/2021\/08\/picants.png\" class=\"_mi _before _image\" alt=\"\" loading=\"lazy\" aria-hidden=\"true\" \/><span>Picantes<\/span><\/a><\/li>\n<li id=\"menu-item-821\" class=\"menu-item menu-item-type-post_type menu-item-object-page menu-item-821\"><a href=\"https:\/\/elreymarino.com\/?page_id=802\" class=\"menu-link\"><img width=\"32\" height=\"32\" src=\"https:\/\/elreymarino.com\/wp-content\/uploads\/2021\/08\/carnesssssss.png\" class=\"_mi _before _image\" alt=\"\" loading=\"lazy\" aria-hidden=\"true\" \/><span>Carnes<\/span><\/a><\/li>\n<li id=\"menu-item-827\" class=\"menu-item menu-item-type-post_type menu-item-object-page menu-item-827\"><a href=\"https:\/\/elreymarino.com\/?page_id=804\" class=\"menu-link\"><img width=\"32\" height=\"32\" src=\"https:\/\/elreymarino.com\/wp-content\/uploads\/2021\/08\/parrilas-files.png\" class=\"_mi _before _image\" alt=\"\" loading=\"lazy\" aria-hidden=\"true\" \/><span>Parrillas y Filetes<\/span><\/a><\/li>\n<li id=\"menu-item-831\" class=\"menu-item menu-item-type-post_type menu-item-object-page menu-item-831\"><a href=\"https:\/\/elreymarino.com\/?page_id=806\" class=\"menu-link\"><img width=\"32\" height=\"32\" src=\"https:\/\/elreymarino.com\/wp-content\/uploads\/2021\/08\/nuevo-plato-especial.png\" class=\"_mi _before _image\" alt=\"\" loading=\"lazy\" aria-hidden=\"true\" \/><span>Platos Especiales y Guarniciones<\/span><\/a><\/li>\n<li id=\"menu-item-832\" class=\"menu-item menu-item-type-post_type menu-item-object-page menu-item-832\"><a href=\"https:\/\/elreymarino.com\/?page_id=808\" class=\"menu-link\"><img width=\"32\" height=\"32\" src=\"https:\/\/elreymarino.com\/wp-content\/uploads\/2021\/08\/postesa.png\" class=\"_mi _before _image\" alt=\"\" loading=\"lazy\" aria-hidden=\"true\" \/><span>Postres<\/span><\/a><\/li>\n<li id=\"menu-item-822\" class=\"menu-item menu-item-type-post_type menu-item-object-page menu-item-822\"><a href=\"https:\/\/elreymarino.com\/?page_id=810\" class=\"menu-link\"><img width=\"32\" height=\"32\" src=\"https:\/\/elreymarino.com\/wp-content\/uploads\/2021\/08\/cervzs.png\" class=\"_mi _before _image\" alt=\"\" loading=\"lazy\" aria-hidden=\"true\" \/><span>Cervezas<\/span><\/a><\/li>\n<li id=\"menu-item-820\" class=\"menu-item menu-item-type-post_type menu-item-object-page menu-item-820\"><a href=\"https:\/\/elreymarino.com\/?page_id=812\" class=\"menu-link\"><img width=\"32\" height=\"32\" src=\"https:\/\/elreymarino.com\/wp-content\/uploads\/2021\/08\/bebidas2.png\" class=\"_mi _before _image\" alt=\"\" loading=\"lazy\" aria-hidden=\"true\" \/><span>Bebidas<\/span><\/a><\/li>\n<li id=\"menu-item-818\" class=\"menu-item menu-item-type-post_type menu-item-object-page menu-item-818\"><a href=\"https:\/\/elreymarino.com\/?page_id=814\" class=\"menu-link\"><img width=\"32\" height=\"32\" src=\"https:\/\/elreymarino.com\/wp-content\/uploads\/2021\/08\/apertiv.png\" class=\"_mi _before _image\" alt=\"\" loading=\"lazy\" aria-hidden=\"true\" \/><span>Aperitivos<\/span><\/a><\/li>\n<li id=\"menu-item-834\" class=\"menu-item menu-item-type-post_type menu-item-object-page menu-item-834\"><a href=\"https:\/\/elreymarino.com\/?page_id=816\" class=\"menu-link\"><img width=\"32\" height=\"32\" src=\"https:\/\/elreymarino.com\/wp-content\/uploads\/2021\/08\/vino-bajate.png\" class=\"_mi _before _image\" alt=\"\" loading=\"lazy\" aria-hidden=\"true\" \/><span>Vinos y Bajativos<\/span><\/a><\/li>\n<\/ul><\/div>\t\t<\/div>\n\t\t\t\t<\/div>\n\t\t\t\t\t<\/div>\n\t\t<\/div>\n\t\t\t\t\t\t\t<\/div>\n\t\t<\/section>\n\t\t\t\t\t\t<\/div>\n\t\t\t\t\t<\/div>\n\t\t","protected":false},"excerpt":{"rendered":"<p>Carnes Carnes Cabrito Deshuesado a la Norte\u00f1a Cabrito Deshuesado con Tacu Tacu Arroz con Pato a la Chiclayana Pechuga de Pollo en Salsa estrag\u00f3n con papas fritas Pechuga de pollo en Salsa de Campi\u00f1ones Lomo Fino a la Romana Lomo Saltado Entradas Ceviches Piqueos Arroces Sopas Filetes de Pescado Chitas y Cabrillas Enteras Pastas Picantes &hellip;<\/p>\n<p class=\"read-more\"> <a class=\"\" href=\"https:\/\/elreymarino.com\/?page_id=802\"> <span class=\"screen-reader-text\">Carnes<\/span> Read More &raquo;<\/a><\/p>\n","protected":false},"author":1,"featured_media":0,"parent":0,"menu_order":0,"comment_status":"closed","ping_status":"closed","template":"","meta":[],"amp_enabled":true,"_links":{"self":[{"href":"https:\/\/elreymarino.com\/index.php?rest_route=\/wp\/v2\/pages\/802"}],"collection":[{"href":"https:\/\/elreymarino.com\/index.php?rest_route=\/wp\/v2\/pages"}],"about":[{"href":"https:\/\/elreymarino.com\/index.php?rest_route=\/wp\/v2\/types\/page"}],"author":[{"embeddable":true,"href":"https:\/\/elreymarino.com\/index.php?rest_route=\/wp\/v2\/users\/1"}],"replies":[{"embeddable":true,"href":"https:\/\/elreymarino.com\/index.php?rest_route=%2Fwp%2Fv2%2Fcomments&post=802"}],"version-history":[{"count":49,"href":"https:\/\/elreymarino.com\/index.php?rest_route=\/wp\/v2\/pages\/802\/revisions"}],"predecessor-version":[{"id":2659,"href":"https:\/\/elreymarino.com\/index.php?rest_route=\/wp\/v2\/pages\/802\/revisions\/2659"}],"wp:attachment":[{"href":"https:\/\/elreymarino.com\/index.php?rest_route=%2Fwp%2Fv2%2Fmedia&parent=802"}],"curies":[{"name":"wp","href":"https:\/\/api.w.org\/{rel}","templated":true}]}}